{"id":124,"date":"2020-01-15T12:26:59","date_gmt":"2020-01-15T11:26:59","guid":{"rendered":"http:\/\/www.nabanga.fr\/?page_id=124"},"modified":"2020-01-20T18:48:56","modified_gmt":"2020-01-20T17:48:56","slug":"nos-services","status":"publish","type":"page","link":"https:\/\/www.nabanga.fr\/?page_id=124","title":{"rendered":"Nos services"},"content":{"rendered":"\n<p> <strong>Nabanga Conseil<\/strong> intervient sur plusieurs types de probl\u00e9matiques&nbsp;:<\/p>\n\n\n\n<ul class=\"wp-block-list\"><li>les <strong>positionnements institutionnels<\/strong> <em>(qui sommes-nous ?)<\/em>, la d\u00e9finition des valeurs <em>(que voulons-nous \u00eatre ?<\/em>), la communication de crise <em>(pr\u00e9venir plut\u00f4t que gu\u00e9rir); <\/em><\/li><li>la strat\u00e9gie de <strong>lev\u00e9e de fonds <\/strong>et la mise en place des outils n\u00e9cessaires (marketing et d\u00e9marches grands donateurs), <em>venture philanthropy<\/em>\u00a0;  <\/li><li>le conseil en <strong>fusions<\/strong> d&rsquo;associations\u00a0; <\/li><li>la <strong>formation<\/strong> sur l\u2019ensemble de ces domaines. <\/li><\/ul>\n\n\n\n<p><\/p>\n","protected":false},"excerpt":{"rendered":"<p>Nabanga Conseil intervient sur plusieurs types de probl\u00e9matiques&nbsp;: les positionnements institutionnels (qui sommes-nous ?), la d\u00e9finition des valeurs (que voulons-nous \u00eatre ?), la communication de crise (pr\u00e9venir plut\u00f4t que gu\u00e9rir); la strat\u00e9gie de lev\u00e9e de fonds et la mise en place des outils n\u00e9cessaires (marketing et d\u00e9marches grands donateurs), venture philanthropy\u00a0; le conseil en fusions &hellip; <\/p>\n<p class=\"link-more\"><a href=\"https:\/\/www.nabanga.fr\/?page_id=124\" class=\"more-link\">Continuer la lecture<span class=\"screen-reader-text\"> de &laquo;&nbsp;Nos services&nbsp;&raquo;<\/span><\/a><\/p>\n","protected":false},"author":1,"featured_media":0,"parent":0,"menu_order":4,"comment_status":"closed","ping_status":"closed","template":"","meta":{"footnotes":""},"class_list":["post-124","page","type-page","status-publish","hentry"],"_links":{"self":[{"href":"https:\/\/www.nabanga.fr\/index.php?rest_route=\/wp\/v2\/pages\/124","targetHints":{"allow":["GET"]}}],"collection":[{"href":"https:\/\/www.nabanga.fr\/index.php?rest_route=\/wp\/v2\/pages"}],"about":[{"href":"https:\/\/www.nabanga.fr\/index.php?rest_route=\/wp\/v2\/types\/page"}],"author":[{"embeddable":true,"href":"https:\/\/www.nabanga.fr\/index.php?rest_route=\/wp\/v2\/users\/1"}],"replies":[{"embeddable":true,"href":"https:\/\/www.nabanga.fr\/index.php?rest_route=%2Fwp%2Fv2%2Fcomments&post=124"}],"version-history":[{"count":6,"href":"https:\/\/www.nabanga.fr\/index.php?rest_route=\/wp\/v2\/pages\/124\/revisions"}],"predecessor-version":[{"id":142,"href":"https:\/\/www.nabanga.fr\/index.php?rest_route=\/wp\/v2\/pages\/124\/revisions\/142"}],"wp:attachment":[{"href":"https:\/\/www.nabanga.fr\/index.php?rest_route=%2Fwp%2Fv2%2Fmedia&parent=124"}],"curies":[{"name":"wp","href":"https:\/\/api.w.org\/{rel}","templated":true}]}}