{"id":116,"date":"2020-01-16T11:43:09","date_gmt":"2020-01-16T10:43:09","guid":{"rendered":"http:\/\/www.nabanga.fr\/?page_id=116"},"modified":"2020-04-29T19:21:12","modified_gmt":"2020-04-29T17:21:12","slug":"qui-sommes-nous","status":"publish","type":"page","link":"https:\/\/www.nabanga.fr\/?page_id=116","title":{"rendered":"Qui sommes-nous ?"},"content":{"rendered":"\n<p>\nNabanga Conseil a \u00e9t\u00e9 cr\u00e9\u00e9 par deux consultants, Martine\nBorgomano et Fran\u00e7ois-No\u00ebl Robinet.<\/p>\n\n\n\n<figure class=\"wp-block-image size-large is-resized\"><img loading=\"lazy\" decoding=\"async\" src=\"https:\/\/www.nabanga.fr\/wp-content\/uploads\/2020\/04\/Martine-BORGOMANO-1024x683.jpg\" alt=\"\" class=\"wp-image-159\" width=\"266\" height=\"175\"\/><\/figure>\n\n\n\n<p><strong>Martine Borgomano<\/strong><\/p>\n\n\n\n<p>Martine, dipl\u00f4m\u00e9e\nd\u2019HEC-JF, a pass\u00e9 une dizaine d\u2019ann\u00e9es dans l\u2019\u00e9dition, en\nmarketing international, avant de r\u00e9aliser l\u2019essentiel de sa\ncarri\u00e8re dans le fundraising et le m\u00e9c\u00e9nat. \n<\/p>\n\n\n\n<p>C\u2019est en 1993\nqu\u2019elle prend la direction de la communication et du d\u00e9veloppement\nde SOS Villages d\u2019enfants o\u00f9 elle diversifie les diff\u00e9rents modes\nde collecte. Elle y restera sept ans, doublant sur la p\u00e9riode le\nnombre de donateurs et les montants collect\u00e9s.<\/p>\n\n\n\n<p>De 2003 \u00e0 2010\nMartine devient d\u00e9l\u00e9gu\u00e9e g\u00e9n\u00e9rale de la Fondation Notre-Dame et\nd\u00e9l\u00e9gu\u00e9e au d\u00e9veloppement des ressources du Dioc\u00e8se de Paris, o\u00f9\nelle s\u2019occupera notamment de la lev\u00e9e de fonds aupr\u00e8s de  grands\ndonateurs pour la restauration du Coll\u00e8ge des Bernardins (15 M\u20ac\nsur 3 ans). Apr\u00e8s un court passage dans le domaine de la recherche\nm\u00e9dicale, toujours en lev\u00e9e de fonds et communication, elle a\ndirig\u00e9 la Fondation des Petits Fr\u00e8res des Pauvres pendant cinq ans,\n\u0153uvrant notamment au d\u00e9veloppement de fondations cr\u00e9\u00e9es par des\nparticuliers sous son \u00e9gide. \n<\/p>\n\n\n\n<figure class=\"wp-block-image size-large is-resized\"><img loading=\"lazy\" decoding=\"async\" src=\"https:\/\/www.nabanga.fr\/wp-content\/uploads\/2020\/04\/Francois-Noel-ROBINET-1-745x1024.jpg\" alt=\"\" class=\"wp-image-162\" width=\"223\" height=\"306\" srcset=\"https:\/\/www.nabanga.fr\/wp-content\/uploads\/2020\/04\/Francois-Noel-ROBINET-1-745x1024.jpg 745w, https:\/\/www.nabanga.fr\/wp-content\/uploads\/2020\/04\/Francois-Noel-ROBINET-1-218x300.jpg 218w, https:\/\/www.nabanga.fr\/wp-content\/uploads\/2020\/04\/Francois-Noel-ROBINET-1-768x1055.jpg 768w, https:\/\/www.nabanga.fr\/wp-content\/uploads\/2020\/04\/Francois-Noel-ROBINET-1-1118x1536.jpg 1118w, https:\/\/www.nabanga.fr\/wp-content\/uploads\/2020\/04\/Francois-Noel-ROBINET-1-1490x2048.jpg 1490w, https:\/\/www.nabanga.fr\/wp-content\/uploads\/2020\/04\/Francois-Noel-ROBINET-1-scaled.jpg 1863w\" sizes=\"auto, (max-width: 223px) 100vw, 223px\" \/><\/figure>\n\n\n\n<p><strong>Fran\u00e7ois-No\u00ebl Robinet<\/strong><\/p>\n\n\n\n<p>Fran\u00e7ois-No\u00ebl est\ndipl\u00f4m\u00e9 de Sciences Po Paris, du Centre de Formation des\nJournalistes et de l\u2019Institut Sup\u00e9rieur des Affaires &#8211; MBA HEC. \n<\/p>\n\n\n\n<p>Ancien journaliste,\ncorrespondant de l\u2019AFP en Afrique de l\u2019Est et reporter\n\u00e9conomique, Fran\u00e7ois-No\u00ebl a \u00e9galement une carri\u00e8re de consultant\nen communication. Au sein de Publicis, il est intervenu comme conseil\nen communication de crise ou communication strat\u00e9gique pour des\ngrandes entreprises.<\/p>\n\n\n\n<p>Au sein\nd\u2019entreprises am\u00e9ricaines, il a \u00e9galement \u00e9t\u00e9 l\u2019un des\npionniers du d\u00e9veloppement de l\u2019Internet grand public en France et\na particip\u00e9 \u00e0 la cr\u00e9ation d\u2019une start-up.<\/p>\n\n\n\n<p>Jusqu\u2019en 2019, il\n\u00e9tait directeur de la communication de la holding internationale\nd\u2019un grand groupe bancaire.<\/p>\n","protected":false},"excerpt":{"rendered":"<p>Nabanga Conseil a \u00e9t\u00e9 cr\u00e9\u00e9 par deux consultants, Martine Borgomano et Fran\u00e7ois-No\u00ebl Robinet. Martine Borgomano Martine, dipl\u00f4m\u00e9e d\u2019HEC-JF, a pass\u00e9 une dizaine d\u2019ann\u00e9es dans l\u2019\u00e9dition, en marketing international, avant de r\u00e9aliser l\u2019essentiel de sa carri\u00e8re dans le fundraising et le m\u00e9c\u00e9nat. C\u2019est en 1993 qu\u2019elle prend la direction de la communication et du d\u00e9veloppement de &hellip; <\/p>\n<p class=\"link-more\"><a href=\"https:\/\/www.nabanga.fr\/?page_id=116\" class=\"more-link\">Continuer la lecture<span class=\"screen-reader-text\"> de &laquo;&nbsp;Qui sommes-nous ?&nbsp;&raquo;<\/span><\/a><\/p>\n","protected":false},"author":1,"featured_media":0,"parent":0,"menu_order":3,"comment_status":"closed","ping_status":"closed","template":"","meta":{"footnotes":""},"class_list":["post-116","page","type-page","status-publish","hentry"],"_links":{"self":[{"href":"https:\/\/www.nabanga.fr\/index.php?rest_route=\/wp\/v2\/pages\/116","targetHints":{"allow":["GET"]}}],"collection":[{"href":"https:\/\/www.nabanga.fr\/index.php?rest_route=\/wp\/v2\/pages"}],"about":[{"href":"https:\/\/www.nabanga.fr\/index.php?rest_route=\/wp\/v2\/types\/page"}],"author":[{"embeddable":true,"href":"https:\/\/www.nabanga.fr\/index.php?rest_route=\/wp\/v2\/users\/1"}],"replies":[{"embeddable":true,"href":"https:\/\/www.nabanga.fr\/index.php?rest_route=%2Fwp%2Fv2%2Fcomments&post=116"}],"version-history":[{"count":4,"href":"https:\/\/www.nabanga.fr\/index.php?rest_route=\/wp\/v2\/pages\/116\/revisions"}],"predecessor-version":[{"id":165,"href":"https:\/\/www.nabanga.fr\/index.php?rest_route=\/wp\/v2\/pages\/116\/revisions\/165"}],"wp:attachment":[{"href":"https:\/\/www.nabanga.fr\/index.php?rest_route=%2Fwp%2Fv2%2Fmedia&parent=116"}],"curies":[{"name":"wp","href":"https:\/\/api.w.org\/{rel}","templated":true}]}}